{"id":39,"date":"2020-09-25T08:08:09","date_gmt":"2020-09-25T06:08:09","guid":{"rendered":"http:\/\/opskonopnica.pl\/?page_id=39"},"modified":"2025-10-08T13:40:14","modified_gmt":"2025-10-08T11:40:14","slug":"deklaracja-dostepnosci","status":"publish","type":"page","link":"https:\/\/opskonopnica.pl\/index.php\/deklaracja-dostepnosci\/","title":{"rendered":"Deklaracja dost\u0119pno\u015bci"},"content":{"rendered":"\n<p><strong>1. Nazwa podmiotu publicznego<\/strong><\/p>\n\n\n\n<p>O\u015brodek Pomocy Spo\u0142ecznej w Konopnicy&nbsp;zobowi\u0105zuje si\u0119 zapewni\u0107 dost\u0119pno\u015b\u0107 swojej strony internetowej zgodnie z przepisami ustawy z dnia 4 kwietnia 2019 r. o dost\u0119pno\u015bci cyfrowej stron internetowych i aplikacji mobilnych podmiot\u00f3w publicznych. O\u015bwiadczenie w sprawie dost\u0119pno\u015bci ma zastosowanie do strony internetowej&nbsp;<a href=\"http:\/\/opskonopnica.pl\/\">O\u015brodka Pomocy Spo\u0142ecznej w Konopnicy.<\/a><\/p>\n\n\n\n<p><strong>2. Data publikacji i aktualizacji<\/strong><\/p>\n\n\n\n<p>Data publikacji strony internetowej:&nbsp;2018-04-23<\/p>\n\n\n\n<p>Data ostatniej istotnej aktualizacji:\u00a02025-10-08<br><br><strong>3. Dane kontaktowe<\/strong><\/p>\n\n\n\n<p>Osoba do kontaktu:&nbsp;Adam Misztal<\/p>\n\n\n\n<p>Email:&nbsp;sekretariat@opskonopnica.pl<\/p>\n\n\n\n<p>Telefon:&nbsp;81 5032235<\/p>\n\n\n\n<p><strong>4. Status pod wzgl\u0119dem zgodno\u015bci z ustaw\u0105<\/strong><\/p>\n\n\n\n<p>Strona internetowa jest cz\u0119\u015bciowo zgodna z ustaw\u0105 z dnia 4 kwietnia 2019 r. o dost\u0119pno\u015bci cyfrowej stron internetowych i aplikacji mobilnych podmiot\u00f3w publicznych.<\/p>\n\n\n\n<p><strong>5. Data sporz\u0105dzenia Deklaracji Dost\u0119pno\u015bci oraz metoda przygotowania<\/strong><\/p>\n\n\n\n<p>O\u015bwiadczenie sporz\u0105dzono dnia:&nbsp;2020-09-21&nbsp;<\/p>\n\n\n\n<p>Deklaracj\u0119 sporz\u0105dzono na podstawie samooceny przeprowadzonej przez podmiot publiczny.<\/p>\n\n\n\n<p>Data ostatniego przegl\u0105du deklaracji:\u00a016 lipca 2024 roku.<\/p>\n\n\n\n<p><strong>6. Informacje na temat procedury<\/strong><\/p>\n\n\n\n<p>Ka\u017cdy ma prawo do wyst\u0105pienia z \u017c\u0105daniem zapewnienia dost\u0119pno\u015bci cyfrowej strony internetowej, aplikacji mobilnej lub jakiego\u015b ich elementu. Mo\u017cna tak\u017ce za\u017c\u0105da\u0107 udost\u0119pnienia informacji za pomoc\u0105 alternatywnego sposobu dost\u0119pu, na przyk\u0142ad przez odczytanie niedost\u0119pnego cyfrowo dokumentu, opisanie zawarto\u015bci filmu bez audio deskrypcji itp. \u017b\u0105danie powinno zawiera\u0107 dane osoby zg\u0142aszaj\u0105cej \u017c\u0105danie, wskazanie, o kt\u00f3r\u0105 stron\u0119 internetow\u0105 lub aplikacj\u0119 mobiln\u0105 chodzi oraz spos\u00f3b kontaktu. Je\u017celi osoba \u017c\u0105daj\u0105ca zg\u0142asza potrzeb\u0119 otrzymania informacji za pomoc\u0105 alternatywnego sposobu dost\u0119pu, powinna tak\u017ce okre\u015bli\u0107 dogodny dla niej spos\u00f3b przedstawienia tej informacji.<\/p>\n\n\n\n<p>Podmiot publiczny powinien zrealizowa\u0107 \u017c\u0105danie niezw\u0142ocznie, nie p\u00f3\u017aniej ni\u017c w ci\u0105gu 7 dni od dnia wyst\u0105pienia z \u017c\u0105daniem. Je\u017celi dotrzymanie tego terminu nie jest mo\u017cliwe, podmiot publiczny niezw\u0142ocznie informuje o tym wnosz\u0105cego \u017c\u0105danie, kiedy realizacja \u017c\u0105dania b\u0119dzie mo\u017cliwa, przy czym termin ten nie mo\u017ce by\u0107 d\u0142u\u017cszy ni\u017c 2 miesi\u0105ce od dnia wyst\u0105pienia z \u017c\u0105daniem.<\/p>\n\n\n\n<p>Je\u017celi zapewnienie dost\u0119pno\u015bci cyfrowej nie jest mo\u017cliwe, podmiot publiczny mo\u017ce zaproponowa\u0107 alternatywny spos\u00f3b dost\u0119pu do informacji. W przypadku, gdy podmiot publiczny odm\u00f3wi realizacji \u017c\u0105dania zapewnienia dost\u0119pno\u015bci lub alternatywnego sposobu dost\u0119pu do informacji, wnosz\u0105cy \u017c\u0105danie mo\u017cne z\u0142o\u017cy\u0107 skarg\u0119 w sprawie zapewniana dost\u0119pno\u015bci cyfrowej strony internetowej, aplikacji mobilnej lub elementu strony internetowej, lub aplikacji mobilnej. Po wyczerpaniu wskazanej wy\u017cej procedury mo\u017cna tak\u017ce z\u0142o\u017cy\u0107 wniosek do Rzecznika Praw Obywatelskich.<\/p>\n\n\n\n<p><a href=\"https:\/\/www.rpo.gov.pl\/\">Strona internetowa Rzecznika Praw Obywatelskich<\/a><\/p>\n\n\n\n<p><strong>7. Skr\u00f3ty klawiaturowe<\/strong><\/p>\n\n\n\n<p>Na stronie internetowej mo\u017cna u\u017cywa\u0107 standardowych skr\u00f3t\u00f3w klawiaturowych przegl\u0105darki.<\/p>\n\n\n\n<p><strong>8. Dokumenty<\/strong><\/p>\n\n\n\n<p>Na stronie o\u015brodka znajduje si\u0119 wiele plik\u00f3w do pobrania. Wi\u0119kszo\u015b\u0107 z nich pochodzi z zasob\u00f3w wewn\u0119trznych. Mo\u017ce si\u0119 zdarzy\u0107, \u017ce nie wszystkie pliki b\u0119d\u0105 w pe\u0142ni dost\u0119pne, np. mo\u017ce w nich brakowa\u0107 nag\u0142\u00f3wk\u00f3w lub opis\u00f3w alternatywnych do tabel i grafik.<\/p>\n\n\n\n<p><strong>9. Dodatkowe informacje<\/strong><\/p>\n\n\n\n<p>INFORMACJA DLA U\u017bYTKOWNIK\u00d3W NIEPE\u0141NOSPRAWNYCH<\/p>\n\n\n\n<ul class=\"wp-block-list\">\n<li>U\u017cytkownicy korzystaj\u0105cy wy\u0142\u0105cznie z klawiatury mog\u0105 swobodnie porusza\u0107 si\u0119 po serwisie za pomoc\u0105 klawisza Tab.<\/li>\n\n\n\n<li>Nawigacja jest te\u017c przyjazna dla os\u00f3b niewidomych dzi\u0119ki unikalnym tytu\u0142om podstron i porz\u0105dkuj\u0105cej funkcji nag\u0142\u00f3wk\u00f3w.<\/li>\n\n\n\n<li>W ca\u0142ym serwisie w\u0142\u0105czony jest tzw. fokus, czyli domy\u015blne oznaczenie aktywnego linka czy pola formularza. Fokus przemieszcza si\u0119 po wszystkich widocznych elementach aktywnych strony w logicznej kolejno\u015bci \u2013 klawisz TAB.<\/li>\n\n\n\n<li>Linki \u2013 tak\u017ce te prowadz\u0105ce do serwis\u00f3w zewn\u0119trznych \u2013 otwieraj\u0105 si\u0119 w tym samym oknie.<\/li>\n\n\n\n<li>Staramy si\u0119 pisa\u0107 zrozumia\u0142e teksty oraz formatowa\u0107 je w spos\u00f3b zgodny z zasadami dost\u0119pno\u015bci.<\/li>\n\n\n\n<li>Zdj\u0119cia i grafiki w serwisie maj\u0105 alternatywne opisy, aby ich tre\u015b\u0107 by\u0142a dost\u0119pna dla os\u00f3b niewidomych oraz os\u00f3b, kt\u00f3re nie wy\u015bwietlaj\u0105 grafiki na przyk\u0142ad na urz\u0105dzeniach mobilnych.<\/li>\n<\/ul>\n\n\n\n<p>Strona internetowa jest cz\u0119\u015bciowo zgodna z ustaw\u0105 z dnia 4 kwietnia 2019 r. o dost\u0119pno\u015bci cyfrowej stron internetowych i aplikacji mobilnych podmiot\u00f3w publicznych z powodu niezgodno\u015bci lub wy\u0142\u0105cze\u0144 wymienionych poni\u017cej:<\/p>\n\n\n\n<ul class=\"wp-block-list\">\n<li>Z uwagi na ograniczenia systemowe na stronie nie jest mo\u017cliwa samodzielna zmiana odst\u0119pu mi\u0119dzy wierszami, akapitami, s\u0142owami i literami,<\/li>\n\n\n\n<li>Pomimo wszelkich stara\u0144 i pracy ze strony redaktor\u00f3w strony, niekt\u00f3re zasoby mog\u0105 by\u0107 niedost\u0119pne lub niezgodne z przyczyn takich jak:\n<ul class=\"wp-block-list\">\n<li>publikacja mia\u0142a miejsce przed wej\u015bciem w \u017cycie obowi\u0105zuj\u0105cej ustawy o dost\u0119pno\u015bci cyfrowej,<\/li>\n\n\n\n<li>niekt\u00f3re dokumenty i pliki za\u0142\u0105czone zosta\u0142y po otrzymaniu ich od innych instytucji na zasadach przyj\u0119tych w tych instytucjach,<\/li>\n\n\n\n<li>struktura nie daje mo\u017cliwo\u015bci ingerencji w tre\u015b\u0107,<\/li>\n<\/ul>\n<\/li>\n\n\n\n<li>Cz\u0119\u015b\u0107 dokument\u00f3w nie posiada:\n<ul class=\"wp-block-list\">\n<li>warstwy tekstowej w skanowanych dokumentach, poniewa\u017c ich publikacja mia\u0142a miejsce przed wej\u015bciem w \u017cycie obowi\u0105zuj\u0105cej ustawy o dost\u0119pno\u015bci cyfrowej,<\/li>\n\n\n\n<li>audiodeskrypcji, poniewa\u017c ich publikacja mia\u0142a miejsce przed wej\u015bciem w \u017cycie obowi\u0105zuj\u0105cej ustawy o dost\u0119pno\u015bci cyfrowej,<\/li>\n\n\n\n<li>prawid\u0142owo wyedytowanej warstwy tekstowej zgodnej z zasadami formatowania tekstu (wielkie litery, kolorowe czcionki, zbyt ma\u0142y kontrast),<\/li>\n<\/ul>\n<\/li>\n<\/ul>\n\n\n\n<p>ZMIANA ROZMIARU STRONY<\/p>\n\n\n\n<p>Przegl\u0105darki internetowe za pomoc\u0105 skr\u00f3t\u00f3w klawiaturowych lub odpowiednich ustawie\u0144 umo\u017cliwiaj\u0105 powi\u0119kszenie serwisu. Jest to szczeg\u00f3lnie pomocne dla os\u00f3b z wad\u0105 wzroku. Aby powi\u0119kszy\u0107 tekst nale\u017cy wybra\u0107 odpowiedni\u0105 kombinacj\u0119 klawiszy:<\/p>\n\n\n\n<p>FIREFOX, CHROME, INTERNET EXPLORER<\/p>\n\n\n\n<ul class=\"wp-block-list\">\n<li>[CTRL] oraz [+] aby powi\u0119kszy\u0107 widok<\/li>\n\n\n\n<li>[CTRL] oraz [-] aby pomniejszy\u0107 widok<\/li>\n<\/ul>\n\n\n\n<p>OPERA<\/p>\n\n\n\n<ul class=\"wp-block-list\">\n<li>[SHIFT] oraz [+] aby powi\u0119kszy\u0107 widok<\/li>\n\n\n\n<li>[-] aby pomniejszy\u0107 widok<\/li>\n<\/ul>\n\n\n\n<p>OPISY ALTERNATYWNE GRAFIK I ZDJ\u0118\u0106<\/p>\n\n\n\n<p>W serwisie O\u015brodka Pomocy Spo\u0142ecznej w Konopnicy pami\u0119tamy, aby do grafik i zdj\u0119\u0107, prezentuj\u0105cych istotne informacje, doda\u0107 opisy alternatywne. Ponadto przyciski i pola formularzy s\u0105 w\u0142a\u015bciwie opisane.<\/p>\n\n\n\n<p><strong>10. Dost\u0119pno\u015b\u0107 architektoniczna<\/strong><\/p>\n\n\n\n<p>O\u015brodek Pomocy Spo\u0142ecznej w Konopnicy, Kozubszczyzna 127 B , 21-030 Motycz<\/p>\n\n\n\n<p>W chwili obecnej budynek pozwala na dost\u0119p os\u00f3b na w\u00f3zkach inwalidzkich.<\/p>\n\n\n\n<p>Parking przy O\u015brodku Pomocy Spo\u0142ecznej w Konopnicy posiada miejsce postojowe przeznaczone dla os\u00f3b niepe\u0142nosprawnych.<\/p>\n\n\n\n<p><strong>Informacja o dost\u0119pno\u015bci t\u0142umacza j\u0119zyka migowego:<\/strong> Mo\u017cliwo\u015b\u0107 po\u0142\u0105czenia z t\u0142umaczem j\u0119zyka migowego w O\u015brodku Pomocy Spo\u0142ecznej w Konopnicy pok. 26, Kozubszczyzna 127B<\/p>\n","protected":false},"excerpt":{"rendered":"<p>1. Nazwa podmiotu publicznego O\u015brodek Pomocy Spo\u0142ecznej w Konopnicy&nbsp;zobowi\u0105zuje si\u0119 zapewni\u0107 dost\u0119pno\u015b\u0107 swojej strony internetowej zgodnie z przepisami ustawy z dnia 4 kwietnia 2019 r. o dost\u0119pno\u015bci cyfrowej stron internetowych i aplikacji mobilnych podmiot\u00f3w publicznych. O\u015bwiadczenie w sprawie dost\u0119pno\u015bci ma zastosowanie do strony internetowej&nbsp;O\u015brodka Pomocy Spo\u0142ecznej w Konopnicy. 2. Data publikacji i aktualizacji Data publikacji &hellip; <\/p>\n<p class=\"link-more\"><a href=\"https:\/\/opskonopnica.pl\/index.php\/deklaracja-dostepnosci\/\" class=\"more-link\">Czytaj dalej<span class=\"screen-reader-text\"> \u201eDeklaracja dost\u0119pno\u015bci\u201d<\/span><\/a><\/p>\n","protected":false},"author":1,"featured_media":0,"parent":0,"menu_order":0,"comment_status":"closed","ping_status":"closed","template":"","meta":{"footnotes":""},"class_list":["post-39","page","type-page","status-publish","hentry"],"_links":{"self":[{"href":"https:\/\/opskonopnica.pl\/index.php\/wp-json\/wp\/v2\/pages\/39","targetHints":{"allow":["GET"]}}],"collection":[{"href":"https:\/\/opskonopnica.pl\/index.php\/wp-json\/wp\/v2\/pages"}],"about":[{"href":"https:\/\/opskonopnica.pl\/index.php\/wp-json\/wp\/v2\/types\/page"}],"author":[{"embeddable":true,"href":"https:\/\/opskonopnica.pl\/index.php\/wp-json\/wp\/v2\/users\/1"}],"replies":[{"embeddable":true,"href":"https:\/\/opskonopnica.pl\/index.php\/wp-json\/wp\/v2\/comments?post=39"}],"version-history":[{"count":5,"href":"https:\/\/opskonopnica.pl\/index.php\/wp-json\/wp\/v2\/pages\/39\/revisions"}],"predecessor-version":[{"id":789,"href":"https:\/\/opskonopnica.pl\/index.php\/wp-json\/wp\/v2\/pages\/39\/revisions\/789"}],"wp:attachment":[{"href":"https:\/\/opskonopnica.pl\/index.php\/wp-json\/wp\/v2\/media?parent=39"}],"curies":[{"name":"wp","href":"https:\/\/api.w.org\/{rel}","templated":true}]}}