{"id":42,"date":"2020-09-25T08:10:34","date_gmt":"2020-09-25T06:10:34","guid":{"rendered":"http:\/\/opskonopnica.pl\/?page_id=42"},"modified":"2023-05-23T13:08:00","modified_gmt":"2023-05-23T11:08:00","slug":"pomoc-spoleczna","status":"publish","type":"page","link":"https:\/\/opskonopnica.pl\/index.php\/pomoc-spoleczna\/","title":{"rendered":"Pomoc spo\u0142eczna"},"content":{"rendered":"\n<p>Pomoc spo\u0142eczn\u0105 organizuj\u0105 organy administracji rz\u0105dowej (minister w\u0142a\u015bciwy do spraw zabezpieczenia spo\u0142ecznego, wojewodowie) i samorz\u0105dowej (marsza\u0142kowie wojew\u00f3dztw, starostowie na poziomie powiat\u00f3w oraz w\u00f3jtowie, burmistrzowie (prezydenci miast) na poziomie gmin. Realizuj\u0105c zadania pomocy spo\u0142ecznej wsp\u00f3\u0142pracuj\u0105 oni, na zasadzie partnerstwa, z organizacjami spo\u0142ecznymi i pozarz\u0105dowymi, Ko\u015bcio\u0142em Katolickim, innymi ko\u015bcio\u0142ami, zwi\u0105zkami wyznaniowymi oraz osobami fizycznymi i prawnymi.<\/p>\n\n\n\n<p><strong>Prawo do \u015bwiadcze\u0144<\/strong>&nbsp;z pomocy spo\u0142ecznej przys\u0142uguje:&nbsp;<\/p>\n\n\n\n<ol class=\"wp-block-list\" type=\"1\"><li>osobom posiadaj\u0105cym obywatelstwo polskie maj\u0105cym miejsce zamieszkania i przebywaj\u0105cym na terytorium Rzeczypospolitej Polskiej;<\/li><\/ol>\n\n\n\n<p>2.&nbsp;&nbsp;&nbsp;&nbsp;&nbsp; cudzoziemcom maj\u0105cym miejsce zamieszkania i przebywaj\u0105cym na terytorium Rzeczypospolitej Polskiej:<\/p>\n\n\n\n<p>a)&nbsp;&nbsp;&nbsp;&nbsp;&nbsp; na podstawie zezwolenia na pobyt sta\u0142y, zezwolenia na pobyt rezydenta d\u0142ugoterminowego Unii Europejskiej, zezwolenia na pobyt czasowy udzielonego w zwi\u0105zku z okoliczno\u015bci\u0105, o kt\u00f3rej mowa w&nbsp;<a href=\"http:\/\/lexint\/lex\/index.rpc#hiperlinkText.rpc?hiperlink=type=tresc:nro=Powszechny.1276746:part=a159u1p1lc&amp;full=1\">art. 159 ust. 1 pkt 1 lit. c<\/a>&nbsp;lub&nbsp;<a href=\"http:\/\/lexint\/lex\/index.rpc#hiperlinkText.rpc?hiperlink=type=tresc:nro=Powszechny.1276746:part=a159u1p1ld&amp;full=1\">d<\/a>&nbsp;lub w&nbsp;<a href=\"http:\/\/lexint\/lex\/index.rpc#hiperlinkText.rpc?hiperlink=type=tresc:nro=Powszechny.1276746:part=a186u1p3&amp;full=1\">art. 186 ust. 1 pkt 3<\/a>&nbsp;ustawy z dnia 12 grudnia 2013 r. o cudzoziemcach (Dz. U. poz. 1650 oraz z 2014 r. poz. 463 i 1004), lub w zwi\u0105zku z uzyskaniem w Rzeczypospolitej Polskiej statusu uchod\u017acy lub ochrony uzupe\u0142niaj\u0105cej,<\/p>\n\n\n\n<p>b)&nbsp;&nbsp;&nbsp;&nbsp;&nbsp; w zwi\u0105zku z uzyskaniem w Rzeczypospolitej Polskiej zgody na pobyt ze wzgl\u0119d\u00f3w humanitarnych lub zgody na pobyt tolerowany &#8211; w formie schronienia, posi\u0142ku, niezb\u0119dnego ubrania oraz zasi\u0142ku celowego;<\/p>\n\n\n\n<ol class=\"wp-block-list\" type=\"1\"><li>maj\u0105cym miejsce zamieszkania i przebywaj\u0105cym na terytorium Rzeczypospolitej Polskiej obywatelom pa\u0144stw cz\u0142onkowskich Unii Europejskiej, pa\u0144stw cz\u0142onkowskich Europejskiego Porozumienia o Wolnym Handlu (EFTA) &#8211; stron&nbsp;<a href=\"http:\/\/lexint\/lex\/index.rpc#hiperlinkText.rpc?hiperlink=type=tresc:nro=Europejski.327084&amp;full=1\">umowy<\/a>&nbsp;o Europejskim Obszarze Gospodarczym lub Konfederacji Szwajcarskiej oraz cz\u0142onkom ich rodzin w rozumieniu&nbsp;<a href=\"http:\/\/lexint\/lex\/index.rpc#hiperlinkText.rpc?hiperlink=type=tresc:nro=Powszechny.1360223:part=a2p4&amp;full=1\">art. 2 pkt 4<\/a>&nbsp;ustawy z dnia 14 lipca 2006 r. o wje\u017adzie na terytorium Rzeczypospolitej Polskiej, pobycie oraz wyje\u017adzie z tego terytorium obywateli pa\u0144stw cz\u0142onkowskich Unii Europejskiej i cz\u0142onk\u00f3w ich rodzin (Dz. U. z 2014 r. poz. 1525), posiadaj\u0105cym prawo pobytu lub prawo sta\u0142ego pobytu na terytorium Rzeczypospolitej Polskiej.<\/li><\/ol>\n\n\n\n<p>Prawo do \u015bwiadcze\u0144 w formie interwencji kryzysowej, schronienia, posi\u0142ku, niezb\u0119dnego ubrania oraz zasi\u0142ku celowego przys\u0142uguje cudzoziemcom przebywaj\u0105cym na terytorium Rzeczypospolitej Polskiej na podstawie za\u015bwiadczenia, o kt\u00f3rym mowa w&nbsp;<a href=\"http:\/\/lexint\/lex\/index.rpc#hiperlinkText.rpc?hiperlink=type=tresc:nro=Powszechny.1276746:part=a170&amp;full=1\">art. 170<\/a>&nbsp;ustawy z dnia 12 grudnia 2013 r. o cudzoziemcach, lub na podstawie zezwolenia, o kt\u00f3rym mowa w&nbsp;<a href=\"http:\/\/lexint\/lex\/index.rpc#hiperlinkText.rpc?hiperlink=type=tresc:nro=Powszechny.1276746:part=a176&amp;full=1\">art. 176<\/a>&nbsp;ustawy z dnia 12 grudnia 2013 r. o cudzoziemcach.<\/p>\n\n\n\n<p><strong>Osoba lub rodzina ubiegaj\u0105ca si\u0119 o pomoc spo\u0142eczn\u0105<\/strong>&nbsp;mo\u017ce zg\u0142osi\u0107 si\u0119 do o\u015brodka pomocy spo\u0142ecznej w miejscu zamieszkania (o\u015brodki znajduj\u0105 si\u0119 w ka\u017cdej gminie). Decyzje o przyznaniu lub odmowie przyznania pomocy wymagaj\u0105 uprzednio przeprowadzenia przez pracownika socjalnego rodzinnego wywiadu \u015brodowiskowego. Decyzje w sprawach \u015bwiadcze\u0144 pomocy spo\u0142ecznej wydawane s\u0105 w formie pisemnej. Od ka\u017cdej decyzji s\u0142u\u017cy prawo odwo\u0142ania.<\/p>\n\n\n\n<p><strong>Prawo do \u015bwiadcze\u0144\u00a0pieni\u0119\u017cnych<\/strong>\u00a0przys\u0142uguje osobom i rodzinom, kt\u00f3rych posiadane dochody nie przekraczaj\u0105 kryteri\u00f3w dochodowych ustalonych w oparciu o pr\u00f3g interwencji socjalnej. Od dnia 1 stycznia 2022 r.\u00a0 dla osoby samotnie gospodaruj\u0105cej jest nim doch\u00f3d nie przekraczaj\u0105cy kwoty\u00a0<strong>776 z\u0142,<\/strong>\u00a0natomiast dla osoby w rodzinie \u2013 kwota\u00a0<strong>600 z\u0142<\/strong>. Rada gminy, w drodze uchwa\u0142y, mo\u017ce podwy\u017cszy\u0107 kwoty uprawniaj\u0105ce do zasi\u0142k\u00f3w okresowego i celowego.<\/p>\n\n\n\n<p><strong>Pomoc spo\u0142eczna polega w szczeg\u00f3lno\u015bci na<\/strong>:&nbsp;<\/p>\n\n\n\n<ul class=\"wp-block-list\"><li>przyznawaniu i wyp\u0142acaniu \u015bwiadcze\u0144,&nbsp;<\/li><li>pracy socjalnej,&nbsp;<\/li><li>prowadzeniu i rozwoju niezb\u0119dnej infrastruktury socjalnej,&nbsp;<\/li><li>analizie i ocenie zjawisk rodz\u0105cych zapotrzebowanie na \u015bwiadczenia z pomocy spo\u0142ecznej,&nbsp;<\/li><li>realizacji zada\u0144 wynikaj\u0105cych z rozeznanych potrzeb spo\u0142ecznych,<\/li><li>rozwijaniu nowych form pomocy spo\u0142ecznej i samopomocy w ramach zidentyfikowanych potrzeb.<\/li><\/ul>\n\n\n\n<p><strong>G\u0142\u00f3wne cele pomocy spo\u0142ecznej<\/strong>:<\/p>\n\n\n\n<ul class=\"wp-block-list\"><li>wsparcie os\u00f3b i rodzin w przezwyci\u0119\u017ceniu trudnej sytuacji \u017cyciowej, doprowadzenie &#8211; w miar\u0119 mo\u017cliwo\u015bci &#8211; do ich \u017cyciowego usamodzielniania i umo\u017cliwienie im \u017cycia w warunkach odpowiadaj\u0105cych godno\u015bci cz\u0142owieka,&nbsp;<\/li><li>zapewnienie dochodu na poziomie interwencji socjalnej \u2013 dla os\u00f3b nie posiadaj\u0105cych dochodu lub o niskich dochodach, w wieku poprodukcyjnym i osobom niepe\u0142nosprawnym,&nbsp;<\/li><li>zapewnienie dochodu do wysoko\u015bci poziomu interwencji socjalnej osobom i rodzinom o niskich dochodach, kt\u00f3re wymagaj\u0105 okresowego wsparcia,&nbsp;<\/li><li>zapewnienie profesjonalnej pomocy rodzinom dotkni\u0119tym skutkami patologii spo\u0142ecznej, w tym przemoc\u0105 w rodzinie,<\/li><li>integracja ze \u015brodowiskiem os\u00f3b wykluczonych spo\u0142ecznie,&nbsp;<\/li><li>stworzenie sieci us\u0142ug socjalnych adekwatnych do potrzeb w tym zakresie.&nbsp;&nbsp;<\/li><\/ul>\n\n\n\n<p>Pomoc spo\u0142eczna od dnia 1 maja 2004 r. funkcjonuje na podstawie&nbsp;<strong>ustawy z dnia 12 marca 2004 r. o pomocy spo\u0142ecznej<\/strong>&nbsp; (Tekst jednolity Dz.U. z 2019 r., poz.1507 ze zmianami).<\/p>\n\n\n\n<ul class=\"wp-block-list\"><li><a href=\"http:\/\/opskonopnica.pl\/data\/documents\/1.pdf\" target=\"_blank\" rel=\"noreferrer noopener\">wniosek o ustalenie stopnia niepe\u0142nosprawno\u015bci -doro\u015bli<\/a><\/li><li><a href=\"http:\/\/opskonopnica.pl\/data\/documents\/2.pdf\" target=\"_blank\" rel=\"noreferrer noopener\">wiosek o ustalenie stopnia niepe\u0142nosprawno\u015bci dzieci do 16 roku \u017cycia<\/a><\/li><li><a href=\"http:\/\/opskonopnica.pl\/data\/documents\/3.pdf\" target=\"_blank\" rel=\"noreferrer noopener\">za\u015bwiadczenie lekarskie dla doros\u0142ych<\/a><\/li><li><a href=\"http:\/\/opskonopnica.pl\/data\/documents\/4.pdf\" target=\"_blank\" rel=\"noreferrer noopener\">za\u015bwiadczenie lekarskie dla dzieci<\/a><\/li><li><a href=\"http:\/\/opskonopnica.pl\/data\/documents\/5.doc\" target=\"_blank\" rel=\"noreferrer noopener\">wz\u00f3r wniosku o pomoc<\/a><\/li><li><a href=\"http:\/\/opskonopnica.pl\/data\/documents\/6.doc\" target=\"_blank\" rel=\"noreferrer noopener\">informacja o niezb\u0119dnych za\u0142\u0105cznikach do wywiadu osoby ubiegaj\u0105cej si\u0119 o pomoc<\/a><\/li><li><a href=\"http:\/\/opskonopnica.pl\/data\/documents\/7.doc\" target=\"_blank\" rel=\"noreferrer noopener\">wz\u00f3r za\u015bwiadczenia o zarobkach dla potrzeb OPS os\u00f3b ubiegaj\u0105cych si\u0119 o pomoc<\/a><\/li><\/ul>\n","protected":false},"excerpt":{"rendered":"<p>Pomoc spo\u0142eczn\u0105 organizuj\u0105 organy administracji rz\u0105dowej (minister w\u0142a\u015bciwy do spraw zabezpieczenia spo\u0142ecznego, wojewodowie) i samorz\u0105dowej (marsza\u0142kowie wojew\u00f3dztw, starostowie na poziomie powiat\u00f3w oraz w\u00f3jtowie, burmistrzowie (prezydenci miast) na poziomie gmin. Realizuj\u0105c zadania pomocy spo\u0142ecznej wsp\u00f3\u0142pracuj\u0105 oni, na zasadzie partnerstwa, z organizacjami spo\u0142ecznymi i pozarz\u0105dowymi, Ko\u015bcio\u0142em Katolickim, innymi ko\u015bcio\u0142ami, zwi\u0105zkami wyznaniowymi oraz osobami fizycznymi i prawnymi. Prawo &hellip; <\/p>\n<p class=\"link-more\"><a href=\"https:\/\/opskonopnica.pl\/index.php\/pomoc-spoleczna\/\" class=\"more-link\">Czytaj dalej<span class=\"screen-reader-text\"> \u201ePomoc spo\u0142eczna\u201d<\/span><\/a><\/p>\n","protected":false},"author":1,"featured_media":0,"parent":0,"menu_order":0,"comment_status":"closed","ping_status":"closed","template":"","meta":{"footnotes":""},"class_list":["post-42","page","type-page","status-publish","hentry"],"_links":{"self":[{"href":"https:\/\/opskonopnica.pl\/index.php\/wp-json\/wp\/v2\/pages\/42","targetHints":{"allow":["GET"]}}],"collection":[{"href":"https:\/\/opskonopnica.pl\/index.php\/wp-json\/wp\/v2\/pages"}],"about":[{"href":"https:\/\/opskonopnica.pl\/index.php\/wp-json\/wp\/v2\/types\/page"}],"author":[{"embeddable":true,"href":"https:\/\/opskonopnica.pl\/index.php\/wp-json\/wp\/v2\/users\/1"}],"replies":[{"embeddable":true,"href":"https:\/\/opskonopnica.pl\/index.php\/wp-json\/wp\/v2\/comments?post=42"}],"version-history":[{"count":2,"href":"https:\/\/opskonopnica.pl\/index.php\/wp-json\/wp\/v2\/pages\/42\/revisions"}],"predecessor-version":[{"id":474,"href":"https:\/\/opskonopnica.pl\/index.php\/wp-json\/wp\/v2\/pages\/42\/revisions\/474"}],"wp:attachment":[{"href":"https:\/\/opskonopnica.pl\/index.php\/wp-json\/wp\/v2\/media?parent=42"}],"curies":[{"name":"wp","href":"https:\/\/api.w.org\/{rel}","templated":true}]}}