{"id":45,"date":"2020-09-25T08:11:48","date_gmt":"2020-09-25T06:11:48","guid":{"rendered":"http:\/\/opskonopnica.pl\/?page_id=45"},"modified":"2025-01-02T10:26:32","modified_gmt":"2025-01-02T09:26:32","slug":"rodo","status":"publish","type":"page","link":"https:\/\/opskonopnica.pl\/index.php\/rodo\/","title":{"rendered":"RODO"},"content":{"rendered":"\n<p>Administratorem danych osobowych przetwarzanych w O\u015brodku Pomocy Spo\u0142ecznej w Konopnicy jest Kierownik O\u015brodka Pomocy Spo\u0142ecznej w Konopnicy z siedzib\u0105 w Kozubszczyzna 127B, tel. 81&nbsp;503 22 35,&nbsp; adres e-mail: ops_konopnica@poczta.onet.pl<\/p>\n\n\n\n<p>Inspektorem Ochrony Danych w O\u015brodku Pomocy Spo\u0142ecznej jest Marek \u015awi\u0107, adres e-mail: iod@konopnica.eu, adres do korespondencji:\u00a0 Kozubszczyzna 127B, 21-030 Motycz.<\/p>\n\n\n\n<div class=\"wp-block-file\"><a href=\"https:\/\/opskonopnica.pl\/wp-content\/uploads\/2025\/01\/Klauzula-informacyjna-podstawa-przetwarzania-OPS-Konopnica.pdf\">Klauzula-informacyjna-podstawa-przetwarzania-OPS-Konopnica<\/a><a href=\"https:\/\/opskonopnica.pl\/wp-content\/uploads\/2025\/01\/Klauzula-informacyjna-podstawa-przetwarzania-OPS-Konopnica.pdf\" class=\"wp-block-file__button\" download>Pobierz<\/a><\/div>\n\n\n\n<p><\/p>\n","protected":false},"excerpt":{"rendered":"<p>Administratorem danych osobowych przetwarzanych w O\u015brodku Pomocy Spo\u0142ecznej w Konopnicy jest Kierownik O\u015brodka Pomocy Spo\u0142ecznej w Konopnicy z siedzib\u0105 w Kozubszczyzna 127B, tel. 81&nbsp;503 22 35,&nbsp; adres e-mail: ops_konopnica@poczta.onet.pl Inspektorem Ochrony Danych w O\u015brodku Pomocy Spo\u0142ecznej jest Marek \u015awi\u0107, adres e-mail: iod@konopnica.eu, adres do korespondencji:\u00a0 Kozubszczyzna 127B, 21-030 Motycz.<\/p>\n","protected":false},"author":1,"featured_media":0,"parent":0,"menu_order":0,"comment_status":"closed","ping_status":"closed","template":"","meta":{"footnotes":""},"class_list":["post-45","page","type-page","status-publish","hentry"],"_links":{"self":[{"href":"https:\/\/opskonopnica.pl\/index.php\/wp-json\/wp\/v2\/pages\/45","targetHints":{"allow":["GET"]}}],"collection":[{"href":"https:\/\/opskonopnica.pl\/index.php\/wp-json\/wp\/v2\/pages"}],"about":[{"href":"https:\/\/opskonopnica.pl\/index.php\/wp-json\/wp\/v2\/types\/page"}],"author":[{"embeddable":true,"href":"https:\/\/opskonopnica.pl\/index.php\/wp-json\/wp\/v2\/users\/1"}],"replies":[{"embeddable":true,"href":"https:\/\/opskonopnica.pl\/index.php\/wp-json\/wp\/v2\/comments?post=45"}],"version-history":[{"count":5,"href":"https:\/\/opskonopnica.pl\/index.php\/wp-json\/wp\/v2\/pages\/45\/revisions"}],"predecessor-version":[{"id":705,"href":"https:\/\/opskonopnica.pl\/index.php\/wp-json\/wp\/v2\/pages\/45\/revisions\/705"}],"wp:attachment":[{"href":"https:\/\/opskonopnica.pl\/index.php\/wp-json\/wp\/v2\/media?parent=45"}],"curies":[{"name":"wp","href":"https:\/\/api.w.org\/{rel}","templated":true}]}}