{"id":47,"date":"2020-09-25T08:12:16","date_gmt":"2020-09-25T06:12:16","guid":{"rendered":"http:\/\/opskonopnica.pl\/?page_id=47"},"modified":"2020-09-25T08:12:16","modified_gmt":"2020-09-25T06:12:16","slug":"swiadczenia-rodzinne","status":"publish","type":"page","link":"https:\/\/opskonopnica.pl\/index.php\/swiadczenia-rodzinne\/","title":{"rendered":"\u015awiadczenia rodzinne"},"content":{"rendered":"\n<p><strong>\u015awiadczenia rodzinne przys\u0142uguj\u0105:<\/strong><\/p>\n\n\n\n<ol class=\"wp-block-list\" type=\"1\"><li>obywatelom polskim;<\/li><li>cudzoziemcom:<ol><li>do kt\u00f3rych stosuje si\u0119 przepisy o koordynacji system\u00f3w zabezpieczenia spo\u0142ecznego,<\/li><\/ol><ol><li>je\u017celi wynika to z wi\u0105\u017c\u0105cych Rzeczpospolit\u0105 Polsk\u0105 um\u00f3w dwustronnych o zabezpieczeniu spo\u0142ecznym,<\/li><\/ol><ol><li>przebywaj\u0105cym na terytorium Rzeczypospolitej Polskiej na podstawie zezwolenia na osiedlenie si\u0119, zezwolenia na pobyt rezydenta d\u0142ugoterminowego Wsp\u00f3lnot Europejskich, zezwolenia na zamieszkanie na czas oznaczony udzielonego w zwi\u0105zku z okoliczno\u015bci\u0105, o kt\u00f3rej mowa w art. 53 ust. 1 pkt 13 ustawy z dnia 13 czerwca 2003 r. o cudzoziemcach (Dz. U. z 2006 r. Nr 234, poz. 1694 ze zm.), zgody na pobyt tolerowany lub w zwi\u0105zku z uzyskaniem w Rzeczypospolitej Polskiej statusu uchod\u017acy lub ochrony uzupe\u0142niajacej, je\u017celi zamieszkuj\u0105 z cz\u0142onkami rodzin na terytorium Rzeczypospolitej Polskiej.<\/li><\/ol><\/li><\/ol>\n\n\n\n<p>\u015awiadczenia rodzinne przys\u0142uguj\u0105 osobom, o kt\u00f3rych mowa w pkt. 2, je\u017celi zamieszkuj\u0105 na terytorium Rzeczypospolitej Polskiej przez okres zasi\u0142kowy, w kt\u00f3rym otrzymuj\u0105 \u015bwiadczenia rodzinne, chyba \u017ce przepisy o koordynacji system\u00f3w zabezpieczenia spo\u0142ecznego lub dwustronne umowy mi\u0119dzynarodowe o zabezpieczeniu spo\u0142ecznym stanowi\u0105 inaczej.<\/p>\n\n\n\n<p>W przypadku gdy cz\u0142onek rodziny osoby uprawnionej do \u015bwiadcze\u0144 rodzinnych przebywa poza granicami Rzeczypospolitej Polskiej w pa\u0144stwie, w kt\u00f3rym maj\u0105 zastosowanie przepisy o koordynacji system\u00f3w zabezpieczenia spo\u0142ecznego, organ w\u0142a\u015bciwy przekazuje wniosek wraz z dokumentami do marsza\u0142ka wojew\u00f3dztwa.<\/p>\n\n\n\n<p><strong>Prawo do zasi\u0142ku rodzinnego i dodatk\u00f3w przys\u0142uguje:<\/strong><\/p>\n\n\n\n<ul class=\"wp-block-list\"><li>rodzicom, jednemu z rodzic\u00f3w albo opiekunowi prawnemu dziecka;<\/li><li>opiekunowi faktycznemu dziecka;<\/li><li>osobie ucz\u0105cej si\u0119 &#8211; oznacza to osob\u0119 pe\u0142noletni\u0105 ucz\u0105c\u0105 si\u0119, nie pozostaj\u0105c\u0105 na utrzymaniu rodzic\u00f3w w zwi\u0105zku z ich \u015bmierci\u0105 lub w zwi\u0105zku z ustaleniem wyrokiem s\u0105dowym lub ugod\u0105 s\u0105dow\u0105 prawa do aliment\u00f3w z ich strony;<\/li><\/ul>\n\n\n\n<p><strong>Rodzaje \u015bwiadcze\u0144 rodzinnych:<\/strong><\/p>\n\n\n\n<p>1.&nbsp;<strong>Zasi\u0142ek rodzinny<\/strong>&nbsp;przys\u0142uguje osobom, je\u017celi miesi\u0119czny doch\u00f3d netto na osob\u0119 w rodzinie nie przekracza&nbsp;<strong>674<\/strong>&nbsp;z\u0142 lub kwoty&nbsp;<strong>764<\/strong>&nbsp;z\u0142 w przypadku, gdy cz\u0142onkiem rodziny jest dziecko niepe\u0142nosprawne do 16 roku \u017cycia, lub po 16 roku \u017cycia je\u015bli posiada&nbsp;&nbsp; umiarkowany albo znaczny stopie\u0144 niepe\u0142nosprawno\u015bci.<\/p>\n\n\n\n<p>Przy sk\u0142adaniu dokument\u00f3w na okres zasi\u0142kowy 2012\/2013 wymagane jest za\u015bwiadczenie o dochodach uzyskanych w roku 2011 wydawane przez Urz\u0105d Skarbowy.<\/p>\n\n\n\n<p>Do wniosku do\u0142\u0105czy\u0107 nale\u017cy:<\/p>\n\n\n\n<ol class=\"wp-block-list\" type=\"1\"><li>dow\u00f3d to\u017csamo\u015bci osoby sk\u0142adaj\u0105cej wniosek,<\/li><li>skr\u00f3cony odpis aktu urodzenia dziecka,<\/li><li>dokument z numerem konta bankowego \u2013 w przypadku os\u00f3b b\u0119d\u0105cych posiadaczami, wsp\u00f3\u0142w\u0142a\u015bcicielami lub uprawnionymi do korzystania kont bankowych<\/li><li>za\u015bwiadczenie Urz\u0119du gminy lub nakaz p\u0142atniczy za rok 2011 dla os\u00f3b posiadaj\u0105cych gospodarstwo rolne.<\/li><\/ol>\n\n\n\n<p><strong>W szczeg\u00f3lnych przypadkach wymagane b\u0119d\u0105 dodatkowe dokumenty.<\/strong><\/p>\n\n\n\n<p><strong>Zasi\u0142ek rodzinny przys\u0142uguje na dziecko do uko\u0144czenia:<\/strong><\/p>\n\n\n\n<ul class=\"wp-block-list\"><li>18 roku \u017cycia;<\/li><li>nauki w szkole, jednak nie d\u0142u\u017cej ni\u017c do uko\u0144czenia 21 roku \u017cycia;<\/li><li>24 roku \u017cycia, je\u017celi kontynuuje nauk\u0119 w szkole lub szkole wy\u017cszej i legitymuje si\u0119 orzeczeniem o znacznym lub umiarkowanym stopniu niepe\u0142nosprawno\u015bci.<\/li><\/ul>\n\n\n\n<p>Zasi\u0142ek rodzinny przys\u0142uguje osobie ucz\u0105cej si\u0119 w szkole lub szkole wy\u017cszej, jednak nie d\u0142u\u017cej ni\u017c do uko\u0144czenia&nbsp;<strong>24<\/strong>&nbsp;roku \u017cycia.<\/p>\n\n\n\n<p>Do zasi\u0142ku przys\u0142uguj\u0105 dodatki z tytu\u0142u:<\/p>\n\n\n\n<ul class=\"wp-block-list\"><li>urodzenia dziecka;<\/li><li>opieki nad dzieckiem w okresie korzystania z urlopu wychowawczego;<\/li><li>samotnego wychowywania dziecka;<\/li><li>wychowywania dziecka w rodzinie wielodzietnej;<\/li><li>kszta\u0142cenia i rehabilitacji dziecka niepe\u0142nosprawnego;<\/li><li>rozpocz\u0119cia roku szkolnego;<\/li><li>podj\u0119cia przez dziecko nauki w szkole poza miejscem zamieszkania;<\/li><\/ul>\n\n\n\n<p>2.&nbsp;<strong>\u015awiadczenie piel\u0119gnacyjne<\/strong>&nbsp;z tytu\u0142u rezygnacji z zatrudnienia lub innej pracy zarobkowej przys\u0142uguje:<br>1) matce albo ojcu,<br>2) innym osobom, na kt\u00f3rych zgodnie z przepisami ustawy z dnia 25 lutego 1964 roku- Kodeks rodzinny i opieku\u0144czy ( Dz. U. nr 9 poz.59 z p\u00f3\u017a. zm.) ci\u0105\u017cy obowi\u0105zek<br>&nbsp;&nbsp;&nbsp; alimentacyjny,<br>3) opiekunowi faktycznemu dziecka<\/p>\n\n\n\n<p>\u2013 je\u017celi nie podejmuj\u0105 lub rezygnuj\u0105 z zatrudnienia lub innej pracy zarobkowej w celu sprawowania opieki nad osob\u0105 legitymuj\u0105c\u0105 si\u0119 orzeczeniem o niepe\u0142nosprawno\u015bci \u0142\u0105cznie ze wskazaniami: konieczno\u015bci sta\u0142ej lub d\u0142ugotrwa\u0142ej opieki lub pomocy innej osoby w zwi\u0105zku ze znacznie ograniczon\u0105 mo\u017cliwo\u015bci\u0105 samodzielnej egzystencji oraz konieczno\u015bci sta\u0142ego wsp\u00f3\u0142udzia\u0142u na co dzie\u0144 opiekuna dziecka w procesie jego leczenia, rehabilitacji i edukacji, albo osob\u0105 legitymuj\u0105c\u0105 si\u0119 orzeczeniem o znacznym stopniu niepe\u0142nosprawno\u015bci, bez wzgl\u0119du na osi\u0105gane dochody rodziny.<br>Osobie innej ni\u017c spokrewniona w pierwszym stopniu,w przypadku ,gdy nie ma osoby spokrewnionej w pierwszym stopniu albo, gdy osoba ta nie jest w stanie sprawowa\u0107 opieki.<\/p>\n\n\n\n<p>3.&nbsp;<strong>Zasi\u0142ek piel\u0119gnacyjny<\/strong>&nbsp;przys\u0142uguje niepe\u0142nosprawnemu dziecku, osobie niepe\u0142nosprawnej w wieku powy\u017cej 16 roku \u017cycia (je\u017celi legitymuje si\u0119 orzeczeniem o znacznym stopniu niepe\u0142nosprawno\u015bci) oraz osobie, kt\u00f3ra uko\u0144czy\u0142a 75 lat. Zasi\u0142ek piel\u0119gnacyjny przys\u0142uguje tak\u017ce osobie niepe\u0142nosprawnej w wieku powy\u017cej 16 roku \u017cycia legitymuj\u0105cej si\u0119 orzeczeniem o umiarkowanym stopniu niepe\u0142nosprawno\u015bci, je\u017celi niepe\u0142nosprawno\u015b\u0107 powsta\u0142a w wieku do uko\u0144czenia 21 roku \u017cycia.<\/p>\n\n\n\n<p>4.&nbsp;<strong>Jednorazowa zapomoga z tytu\u0142u urodzenia si\u0119 dziecka<\/strong>&nbsp;&#8211; dnia 9 lutego 2006 roku wesz\u0142a w \u017cycie nowelizacja ustawy o \u015bwiadczeniach rodzinnych wprowadzaj\u0105ca jednorazow\u0105 zapomog\u0119 z tytu\u0142u urodzenia si\u0119 dziecka (w wysoko\u015bci 1000,00 z\u0142) \u2013 tzw. \u201ebecikowe dla wszystkich\u201d.<\/p>\n\n\n\n<p>W przeciwie\u0144stwie do dodatku do zasi\u0142ku rodzinnego, jednorazowa zapomoga przys\u0142uguje ojcu lub matce albo opiekunowi prawnemu albo opiekunowi faktycznemu&nbsp; dziecka niezale\u017cnie od ich dochod\u00f3w. Wniosek o zapomog\u0119 nale\u017cy z\u0142o\u017cy\u0107 w terminie 12 miesi\u0119cy od dnia narodzin dziecka. Wniosek z\u0142o\u017cony po terminie zostanie pozostawiony bez rozpatrzenia.<\/p>\n\n\n\n<p>Opr\u00f3cz wniosku o wyp\u0142at\u0119 zapomogi nale\u017cy dostarczy\u0107:<\/p>\n\n\n\n<ol class=\"wp-block-list\" type=\"1\"><li>uwierzytelnione kopie dowod\u00f3w to\u017csamo\u015bci obojga rodzic\u00f3w dziecka,<\/li><li>skr\u00f3cony odpis aktu urodzenia dziecka,<\/li><li>dokument z numerem konta bankowego \u2013 w przypadku os\u00f3b b\u0119d\u0105cych posiadaczami, wsp\u00f3\u0142w\u0142a\u015bcicielami lub uprawnionymi do korzystania kont bankowych.<\/li><li>za\u015bwiadczenie lekarza lub po\u0142o\u017cnej potwierdzaj\u0105ce co najmniej jedno badanie kobiety w okresie ci\u0105\u017cy przeprowadzone przez lekarza ginekologa lub po\u0142o\u017cn\u0105.<br>(przepisu tego nie stosuje si\u0119 dla os\u00f3b b\u0119d\u0105cych opiekunami faktycznymi dziecka)<\/li><li>za\u015bwiadczenie o nie ubieganiu si\u0119 w innej gminie dla os\u00f3b zameldowanych poza terenem gminy Konopnica.<\/li><\/ol>\n\n\n\n<p>Od dnia 01 pa\u017adziernika 2010 roku realizowane s\u0105 zadania z zakresu \u015bwiadcze\u0144 z funduszu alimentacyjnego wynikaj\u0105cego z ustawy z dnia 07 wrze\u015bnia 2007 roku o pomocy osobom uprawnionym do aliment\u00f3w (Dz.U.Nr 192, poz.1378 z p\u00f3\u017an.zm)<\/p>\n\n\n\n<p><strong><em>KOMUNIKAT DLA OS\u00d3B POBIERAJ\u0104CYCH \u015aWIADCZENIE PIEL\u0118GNACYJNE<\/em><\/strong><br><br>W dniu 4 pa\u017adziernika 2011 r., Rada Ministr\u00f3w przyj\u0119\u0142a rozporz\u0105dzenie w sprawie szczeg\u00f3\u0142owych warunk\u00f3w realizacji rz\u0105dowego programu wspierania os\u00f3b pobieraj\u0105cych \u015bwiadczenie piel\u0119gnacyjne.<br>Program ten przewiduje pomoc finansow\u0105 dla os\u00f3b maj\u0105cych ustalone prawo do \u015bwiadczenia piel\u0119gnacyjnego na dziecko. Pomoc ta w wysoko\u015bci 100,00 z\u0142 miesi\u0119cznie nie jest uzale\u017cniona od dochodu rodziny i jest realizowana&nbsp; w terminach wyp\u0142aty \u015bwiadczenia piel\u0119gnacyjnego.<br>Podstaw\u0105 do udzielenia pomocy jest wniosek z\u0142o\u017cony w Wydziale \u015awiadcze\u0144 Rodzinnych. W przypadku gdy prawo do \u015bwiadczenia piel\u0119gnacyjnego zosta\u0142o ustalone&nbsp; wniosek nale\u017cy z\u0142o\u017cy\u0107 w terminie 7 dni od daty uprawomocnienia si\u0119 decyzji przyznaj\u0105cej \u015bwiadczenie.<br>Formularz wniosku o udzielenie pomocy do pobrania w Wydziale \u015awiadcze\u0144 Rodzinnych O\u015brodka Pomocy Spo\u0142ecznej.<br>&nbsp;<\/p>\n\n\n\n<p><a href=\"http:\/\/opskonopnica.pl\/data\/documents\/druki.pdf\" target=\"_blank\" rel=\"noreferrer noopener\"><strong>Druki i wnioski (klik)<\/strong><\/a><\/p>\n","protected":false},"excerpt":{"rendered":"<p>\u015awiadczenia rodzinne przys\u0142uguj\u0105: obywatelom polskim; cudzoziemcom: do kt\u00f3rych stosuje si\u0119 przepisy o koordynacji system\u00f3w zabezpieczenia spo\u0142ecznego, je\u017celi wynika to z wi\u0105\u017c\u0105cych Rzeczpospolit\u0105 Polsk\u0105 um\u00f3w dwustronnych o zabezpieczeniu spo\u0142ecznym, przebywaj\u0105cym na terytorium Rzeczypospolitej Polskiej na podstawie zezwolenia na osiedlenie si\u0119, zezwolenia na pobyt rezydenta d\u0142ugoterminowego Wsp\u00f3lnot Europejskich, zezwolenia na zamieszkanie na czas oznaczony udzielonego w zwi\u0105zku &hellip; <\/p>\n<p class=\"link-more\"><a href=\"https:\/\/opskonopnica.pl\/index.php\/swiadczenia-rodzinne\/\" class=\"more-link\">Czytaj dalej<span class=\"screen-reader-text\"> \u201e\u015awiadczenia rodzinne\u201d<\/span><\/a><\/p>\n","protected":false},"author":1,"featured_media":0,"parent":0,"menu_order":0,"comment_status":"closed","ping_status":"closed","template":"","meta":{"footnotes":""},"class_list":["post-47","page","type-page","status-publish","hentry"],"_links":{"self":[{"href":"https:\/\/opskonopnica.pl\/index.php\/wp-json\/wp\/v2\/pages\/47","targetHints":{"allow":["GET"]}}],"collection":[{"href":"https:\/\/opskonopnica.pl\/index.php\/wp-json\/wp\/v2\/pages"}],"about":[{"href":"https:\/\/opskonopnica.pl\/index.php\/wp-json\/wp\/v2\/types\/page"}],"author":[{"embeddable":true,"href":"https:\/\/opskonopnica.pl\/index.php\/wp-json\/wp\/v2\/users\/1"}],"replies":[{"embeddable":true,"href":"https:\/\/opskonopnica.pl\/index.php\/wp-json\/wp\/v2\/comments?post=47"}],"version-history":[{"count":1,"href":"https:\/\/opskonopnica.pl\/index.php\/wp-json\/wp\/v2\/pages\/47\/revisions"}],"predecessor-version":[{"id":48,"href":"https:\/\/opskonopnica.pl\/index.php\/wp-json\/wp\/v2\/pages\/47\/revisions\/48"}],"wp:attachment":[{"href":"https:\/\/opskonopnica.pl\/index.php\/wp-json\/wp\/v2\/media?parent=47"}],"curies":[{"name":"wp","href":"https:\/\/api.w.org\/{rel}","templated":true}]}}