{"id":49,"date":"2020-09-25T08:13:21","date_gmt":"2020-09-25T06:13:21","guid":{"rendered":"http:\/\/opskonopnica.pl\/?page_id=49"},"modified":"2024-08-14T08:27:13","modified_gmt":"2024-08-14T06:27:13","slug":"druki-i-wnioski","status":"publish","type":"page","link":"https:\/\/opskonopnica.pl\/index.php\/druki-i-wnioski\/","title":{"rendered":"Druki i wnioski"},"content":{"rendered":"\n<p><strong><a href=\"http:\/\/opskonopnica.pl\/wp-content\/uploads\/2024\/08\/wniosek-o-wyplate-bonu-energetycznego-2024-38235106.pdf\">WNIOSEK O WYP\u0141AT\u0118 BONU ENERGETYCZNEGO<\/a><\/strong><\/p>\n\n\n\n<p><a href=\"https:\/\/konopnica.eu\/wp-content\/uploads\/2022\/12\/Wzor-wniosku-o-wyplate-dodatku-elektrycznego.pdf\"><strong>WNIOSEK O WYP\u0141AT\u0118 DODATKU ELEKTRYCZNEGO<\/strong><\/a><\/p>\n\n\n\n<p><a rel=\"noreferrer noopener\" href=\"https:\/\/konopnica.eu\/wp-content\/uploads\/2022\/08\/D2022000171201.pdf\" target=\"_blank\"><strong>WNIOSEK O WYP\u0141AT\u0118 DODATKU W\u0118GLOWEGO<\/strong><\/a><\/p>\n\n\n\n<p><strong><a href=\"https:\/\/konopnica.eu\/wp-content\/uploads\/2024\/02\/WNIOSEK-O-WYPLATE-DODATKU-OSLONOWEGO.pdf\">DODATEK OS\u0141ONOWY<\/a><\/strong><\/p>\n\n\n\n<p><a href=\"https:\/\/konopnica.eu\/wp-content\/uploads\/2022\/10\/WNIOSEK-O-WYPLATE-DODATKU-DLA-GOSPODARSTW-DOMOWYCH-Z-TYTULU-WYKORZYSTYWANIA-NIEKTORYCH-ZRODEL-CIEPLA.pdf\">WNIOSEK O WYP\u0141AT\u0118 DODATKU DLA GOSPODARSTW DOMOWYCH Z TYTU\u0141U WYKORZYSTYWANIA NIEKT\u00d3RYCH \u0179R\u00d3DE\u0141 CIEP\u0141A<\/a><\/p>\n\n\n\n<p><strong><u>\u015aWIADCZENIA RODZINNE<\/u><\/strong><\/p>\n\n\n\n<p><a href=\"http:\/\/opskonopnica.pl\/data\/documents\/SR-1-wniosek-o-zasilek-rodzinny.pdf\">WNIOSEK&nbsp;O USTALENIE PRAWA DO ZASI\u0141KU RODZINNEGO&nbsp;ORAZ DODATK\u00d3W DO ZASI\u0141KU RODZINNEGO<\/a><\/p>\n\n\n\n<p><br><a href=\"http:\/\/opskonopnica.pl\/data\/documents\/SR-2-wniosek-o-becik.pdf\">WNIOSEK&nbsp;O USTALENIE PRAWA DO JEDNORAZOWEJ ZAPOMOGI&nbsp;Z TYTU\u0141U URODZENIA SI\u0118 DZIECKA<\/a><\/p>\n\n\n\n<p><br><a href=\"http:\/\/opskonopnica.pl\/data\/documents\/WNIOSEK-O-ZASILEK-PIELEGNACYJNY.pdf\">WNIOSEK O ZASI\u0141EK PIEL\u0118GNACYJNY<\/a><\/p>\n\n\n\n<p><br><a href=\"http:\/\/opskonopnica.pl\/data\/documents\/WNIOSEK-O-USTALENIE-PRAWA-DO-SPECJALNEGO-ZASILKU-OPIEKUNCZEGO.pdf\">WNIOSEK&nbsp; O USTALENIE PRAWA DO SPECJALNEGO ZASI\u0141KU OPIEKU\u0143CZEGO<\/a><\/p>\n\n\n\n<p><br><a href=\"http:\/\/opskonopnica.pl\/data\/documents\/SR-5-wniosek-o-swiadcz-pielegnacyjne.pdf\">WNIOSEK&nbsp;O USTALENIE PRAWA DO \u015aWIADCZENIA PIEL\u0118GNACYJNEGO<\/a><\/p>\n\n\n\n<p><br><a href=\"http:\/\/opskonopnica.pl\/data\/documents\/SR-7-wniosek-o-swiadcz-rodzicielskie.pdf\">WNIOSEK&nbsp;O USTALENIE PRAWA DO \u015aWIADCZENIA RODZICIELSKIEGO<\/a><\/p>\n\n\n\n<p><br><a href=\"http:\/\/opskonopnica.pl\/data\/documents\/wzor-oswiadczenie-dzialalnosc-gospodarcza-II-miesiac.doc\">WZ\u00d3R O\u015aWIADCZENIE DZIA\u0141ALNO\u015a\u0106 GOSPODARCZA II MIESI\u0104C<\/a><\/p>\n\n\n\n<p><br><a href=\"http:\/\/opskonopnica.pl\/data\/documents\/wzor-zaswiadczenie-lekarskie.doc\">WZ\u00d3R ZA\u015aWIADCZENIE&nbsp; LEKARSKIE<\/a><\/p>\n\n\n\n<p><br><a href=\"http:\/\/opskonopnica.pl\/data\/documents\/wzor-zaswiadczenie-od-pracodawcy-II-miesiac.doc\">WZ\u00d3R ZA\u015aWIADCZENIE OD PRACODAWCY II MIESI\u0104C<\/a><\/p>\n\n\n\n<p><a href=\"http:\/\/opskonopnica.pl\/data\/documents\/wzor-zaswiadczenie-od-pracodawcy-II-miesiac.doc\"><br>O\u015aWIADCZENIE WNIOSKODAWCY&nbsp;O DOCHODACH SWOICH ALBO CZ\u0141ONKA RODZINY OSI\u0104GNI\u0118TYCH W ROKU KALENDARZOWYM<br>POPRZEDZAJ\u0104CYM OKRES ZASI\u0141KOWY, INNYCH NI\u017b DOCHODY PODLEGAJ\u0104CE OPODATKOWANIU&nbsp;PODATKIEM DOCHODOWYM OD OS\u00d3B FIZYCZNYCH<\/a><\/p>\n\n\n\n<p><a href=\"http:\/\/opskonopnica.pl\/data\/documents\/ZSR-07-osw-o-wielkosci-gospodarstwa-roln.pdf\">O\u015aWIADCZENIE WNIOSKODAWCY&nbsp;O WIELKO\u015aCI JEGO GOSPODARSTWA ROLNEGO ALBO GOSPODARSTWA CZ\u0141ONKA RODZINY WYRA\u017bONEJ<br>W HEKTARACH PRZELICZENIOWYCH OG\u00d3LNEJ POWIERZCHNI&nbsp;W ROKU KALENDARZOWYM POPRZEDZAJ\u0104CYM OKRES ZASI\u0141KOWY<\/a><\/p>\n\n\n\n<p><a href=\"http:\/\/opskonopnica.pl\/data\/documents\/OSWIADCZENIE-WNIOSKODAWCY-O-TERMINIE-I-OKRESIE-NA-JAKI-ZOSTAL-UDZIELONY-URLOP-WYCHOWAWCZY-ORAZ-O-CO-NAJMNIEJ-SZESCIOMIESIECZNYM-OKRESIE-POZOSTAWANIA-W-STOSUNKU-PRACY-BEZPOSREDNIO-PRZED-UZYSKANIEM-PRAWA-DO-URLOPU-WYCH..pdf\">O\u015aWIADCZENIE WNIOSKODAWCY&nbsp;O TERMINIE I OKRESIE, NA JAKI ZOSTA\u0141 UDZIELONY URLOP WYCHOWAWCZY,&nbsp;ORAZ O CO NAJMNIEJ SZE\u015aCIOMIESI\u0118CZNYM OKRESIE POZOSTAWANIA W STOSUNKU PRACY&nbsp;BEZPO\u015aREDNIO PRZED UZYSKANIEM PRAWA DO URLOPU WYCHOWAWCZEGO<\/a><\/p>\n\n\n\n<p><strong><u>\u015aWIADCZENIA Z FUNDUSZU ALIMENTACYJNEGO<\/u><\/strong><\/p>\n\n\n\n<p><br><a href=\"http:\/\/opskonopnica.pl\/data\/documents\/FA-1-wniosek-o-fundusz-alimen.pdf\">WNIOSEK&nbsp;O USTALENIE PRAWA DO \u015aWIADCZE\u0143&nbsp;Z FUNDUSZU ALIMENTACYJNEGO<\/a><\/p>\n\n\n\n<p><a href=\"http:\/\/opskonopnica.pl\/data\/documents\/ZFA-03-osw-o-dochodach-nieopodatkowanych.pdf\">O\u015aWIADCZENIE WNIOSKODAWCY&nbsp;O DOCHODACH SWOICH ALBO CZ\u0141ONKA RODZINY OSI\u0104GNI\u0118TYCH W ROKU KALENDARZOWYM&nbsp;POPRZEDZAJ\u0104CYM OKRES \u015aWIADCZENIOWY INNYCH NI\u017b DOCHODY PODLEGAJ\u0104CE OPODATKOWANIU<\/a><\/p>\n\n\n\n<p><a href=\"http:\/\/opskonopnica.pl\/data\/documents\/ZFA-05-osw-o-wielkosci-gospodarstwa-roln.pdf\">O\u015aWIADCZENIE WNIOSKODAWCY&nbsp;O WIELKO\u015aCI JEGO GOSPODARSTWA ROLNEGO ALBO GOSPODARSTWA CZ\u0141ONKA RODZINY WYRA\u017bONEJ<br>W HEKTARACH PRZELICZENIOWYCH OG\u00d3LNEJ POWIERZCHNI&nbsp;W ROKU KALENDARZOWYM POPRZEDZAJ\u0104CYM OKRES \u015aWIADCZENIOWY<\/a><\/p>\n\n\n\n<p><strong><br><u>\u015aWIADCZENIE WYCHOWAWCZE 500+<\/u><\/strong><\/p>\n\n\n\n<p><a href=\"http:\/\/opskonopnica.pl\/wp-content\/uploads\/2021\/03\/WNIOSEK-O-USTALENIE-PRAWA-DO-SWIADCZENIA-WYCHOWAWCZEGO.pdf\">WNIOSEK&nbsp;O USTALENIE PRAWA DO \u015aWIADCZENIA WYCHOWAWCZEGO<\/a><\/p>\n\n\n\n<p><strong><u>PROGRAM DOBRY START 300+<\/u><\/strong><\/p>\n\n\n\n<p><a href=\"http:\/\/opskonopnica.pl\/data\/documents\/WNIOSEK-O-USTALENIE-PRAWA-DO-SWIADCZENIA-DOBRY-START.pdf\">WNIOSEK O USTALENIE PRAWA DO \u015aWIADCZENIA DOBRY START<\/a><\/p>\n\n\n\n<p><strong><u>PROGRAM ZA \u017bYCIEM<\/u><\/strong><\/p>\n\n\n\n<p><a href=\"http:\/\/opskonopnica.pl\/data\/documents\/Wniosek_Za_zyciem.pdf\">WNIOSEK ZA \u017bYCIEM<\/a><\/p>\n\n\n\n<p><strong><u>KARTA DU\u017bEJ RODZINY<\/u><\/strong><\/p>\n\n\n\n<p><a href=\"http:\/\/opskonopnica.pl\/data\/documents\/KDR-wniosek-o-przyznanie-lub-wydanie-duplikatu.pdf\">WNIOSEK&nbsp;O PRZYZNANIE KARTY DU\u017bEJ RODZINY&nbsp;&nbsp;LUB WYDANIE DUPLIKATU KARTY DU\u017bEJ RODZINY<\/a><\/p>\n\n\n\n<p><a href=\"http:\/\/opskonopnica.pl\/data\/documents\/zgoda-na-wykorzystywanie-nr-tel.-kom.-w-komunikacji-dot.-KDR.pdf\">ZGODA NA WYKORZYSTANIE&nbsp; NUMERU TELEFONU KOM\u00d3RKOWEGO W KOMUNIKACJI DOTYCZ\u0104CEJ KARTY DU\u017bEJ RODZINY<\/a><\/p>\n\n\n\n<p><a href=\"http:\/\/opskonopnica.pl\/data\/documents\/ZKDR-01-oswiadczenie-o-planowanym-terminie-ukonczenia-nauki-w-szkole-lub-szkole-wyzszej.pdf\">O\u015aWIADCZENIE&nbsp;O PLANOWANYM TERMINIE UKO\u0143CZENIA NAUKI W SZKOLE&nbsp;LUB SZKOLE WY\u017bSZEJ<\/a><\/p>\n\n\n\n<p><a href=\"http:\/\/opskonopnica.pl\/data\/documents\/ZKDR-02-oswiadczenie-o-pozostawaniu-w-dotychczasowej-rodzinie-zastepczej-lub-rodzinnym-domu-dziecka.pdf\">O\u015aWIADCZENIE&nbsp;O POZOSTAWIENIU W DOTYCHCZASOWEJ RODZINIE&nbsp;ZAST\u0118PCZEJ LUB DOTYCHCZASOWYM RODZINNYM DOMU DZIECKA<\/a><\/p>\n\n\n\n<p><a href=\"http:\/\/opskonopnica.pl\/data\/documents\/ZKDR-03-oswiadczenie-dot.-wladzy-rodzicielskiej.pdf\">O\u015aWIADCZENIE&nbsp;DOTYCZ\u0104CE W\u0141ADZY RODZICIELSKIEJ<\/a><\/p>\n\n\n\n<p><strong><u>PCPR_ORZEKANIE O NIEPE\u0141NOSPRAWNO\u015aCI<\/u><\/strong><\/p>\n\n\n\n<p><a href=\"http:\/\/opskonopnica.pl\/data\/documents\/pzon-dorosli.doc\">WNIOSEK W SPRAWIE WYDANIA ORZECZENIA O STOPNIU NIEPE\u0141NOSPRAWNO\u015aCI (PO 16 ROKU \u017bYCIA)<\/a><\/p>\n\n\n\n<p><a href=\"http:\/\/opskonopnica.pl\/data\/documents\/pzon-dzieci.doc\">WNIOSEK&nbsp; O WYDANIE ORZECZENIA O NIEPE\u0141NOSPRAWNO\u015aCI (DO 16 ROKU \u017bYCIA)<\/a><\/p>\n\n\n\n<p><a href=\"http:\/\/opskonopnica.pl\/data\/documents\/zaswiadczenie-lekarskie-dorosli.doc\">Za\u015bwiadczenie lekarskie o stanie zdrowia&nbsp;wydane dla potrzeb&nbsp;Powiatowego&nbsp; Zespo\u0142u do Spraw Orzekania o Niepe\u0142nosprawno\u015bci (DORO\u015aLI)<\/a><\/p>\n\n\n\n<p><a href=\"http:\/\/opskonopnica.pl\/data\/documents\/zaswiadczenie-lekarskie-dzieci.doc\">Za\u015bwiadczenie lekarskie o stanie zdrowia&nbsp;wydane dla potrzeb&nbsp;Powiatowego&nbsp; Zespo\u0142u do Spraw Orzekania o Niepe\u0142nosprawno\u015bci (DZIECI)<\/a><\/p>\n","protected":false},"excerpt":{"rendered":"<p>WNIOSEK O WYP\u0141AT\u0118 BONU ENERGETYCZNEGO WNIOSEK O WYP\u0141AT\u0118 DODATKU ELEKTRYCZNEGO WNIOSEK O WYP\u0141AT\u0118 DODATKU W\u0118GLOWEGO DODATEK OS\u0141ONOWY WNIOSEK O WYP\u0141AT\u0118 DODATKU DLA GOSPODARSTW DOMOWYCH Z TYTU\u0141U WYKORZYSTYWANIA NIEKT\u00d3RYCH \u0179R\u00d3DE\u0141 CIEP\u0141A \u015aWIADCZENIA RODZINNE WNIOSEK&nbsp;O USTALENIE PRAWA DO ZASI\u0141KU RODZINNEGO&nbsp;ORAZ DODATK\u00d3W DO ZASI\u0141KU RODZINNEGO WNIOSEK&nbsp;O USTALENIE PRAWA DO JEDNORAZOWEJ ZAPOMOGI&nbsp;Z TYTU\u0141U URODZENIA SI\u0118 DZIECKA WNIOSEK O ZASI\u0141EK &hellip; <\/p>\n<p class=\"link-more\"><a href=\"https:\/\/opskonopnica.pl\/index.php\/druki-i-wnioski\/\" class=\"more-link\">Czytaj dalej<span class=\"screen-reader-text\"> \u201eDruki i wnioski\u201d<\/span><\/a><\/p>\n","protected":false},"author":1,"featured_media":0,"parent":0,"menu_order":0,"comment_status":"closed","ping_status":"closed","template":"","meta":{"footnotes":""},"class_list":["post-49","page","type-page","status-publish","hentry"],"_links":{"self":[{"href":"https:\/\/opskonopnica.pl\/index.php\/wp-json\/wp\/v2\/pages\/49","targetHints":{"allow":["GET"]}}],"collection":[{"href":"https:\/\/opskonopnica.pl\/index.php\/wp-json\/wp\/v2\/pages"}],"about":[{"href":"https:\/\/opskonopnica.pl\/index.php\/wp-json\/wp\/v2\/types\/page"}],"author":[{"embeddable":true,"href":"https:\/\/opskonopnica.pl\/index.php\/wp-json\/wp\/v2\/users\/1"}],"replies":[{"embeddable":true,"href":"https:\/\/opskonopnica.pl\/index.php\/wp-json\/wp\/v2\/comments?post=49"}],"version-history":[{"count":11,"href":"https:\/\/opskonopnica.pl\/index.php\/wp-json\/wp\/v2\/pages\/49\/revisions"}],"predecessor-version":[{"id":630,"href":"https:\/\/opskonopnica.pl\/index.php\/wp-json\/wp\/v2\/pages\/49\/revisions\/630"}],"wp:attachment":[{"href":"https:\/\/opskonopnica.pl\/index.php\/wp-json\/wp\/v2\/media?parent=49"}],"curies":[{"name":"wp","href":"https:\/\/api.w.org\/{rel}","templated":true}]}}