{"id":51,"date":"2020-09-25T08:13:52","date_gmt":"2020-09-25T06:13:52","guid":{"rendered":"http:\/\/opskonopnica.pl\/?page_id=51"},"modified":"2020-09-25T08:13:52","modified_gmt":"2020-09-25T06:13:52","slug":"wsparcie-dla-rodzin-z-dziecmi","status":"publish","type":"page","link":"https:\/\/opskonopnica.pl\/index.php\/wsparcie-dla-rodzin-z-dziecmi\/","title":{"rendered":"Wsparcie dla rodzin z dzie\u0107mi"},"content":{"rendered":"\n<ul class=\"wp-block-list\"><li><a href=\"http:\/\/www.mpips.gov.pl\/wsparcie-dla-rodzin-z-dziecmi\/program-za-zyciem\/\"><strong>Program &#8222;Za \u017cyciem&#8221;<\/strong><\/a><strong><\/strong><\/li><li><a href=\"http:\/\/www.mpips.gov.pl\/wsparcie-dla-rodzin-z-dziecmi\/wzory-wnioskow-o-swiadczenia-dla-rodzin\/\"><strong>Wzory wniosk\u00f3w o \u015bwiadczenia dla rodzin<\/strong><\/a><strong><\/strong><\/li><li><a href=\"http:\/\/www.mpips.gov.pl\/wsparcie-dla-rodzin-z-dziecmi\/rodzina-500-plus\/\"><strong>Rodzina 500 plus<\/strong><\/a><strong><\/strong><\/li><li><a href=\"http:\/\/www.mpips.gov.pl\/wsparcie-dla-rodzin-z-dziecmi\/karta-duzej-rodziny\/\"><strong>Karta Du\u017cej Rodziny<\/strong><\/a><strong><\/strong><\/li><li><a href=\"http:\/\/www.mpips.gov.pl\/wsparcie-dla-rodzin-z-dziecmi\/swiadczenia-rodzinne\/\"><strong>\u015awiadczenia rodzinne<\/strong><\/a><strong><\/strong><\/li><li><a href=\"http:\/\/www.mpips.gov.pl\/wsparcie-dla-rodzin-z-dziecmi\/fundusz-alimentacyjny\/\"><strong>Fundusz Alimentacyjny<\/strong><\/a><strong><\/strong><\/li><li><a href=\"http:\/\/www.mpips.gov.pl\/wsparcie-dla-rodzin-z-dziecmi\/najnowsze-zmiany-w-swiadczeniach-rodzinnych-i-funduszu-alimentacyjnym\/\"><strong>Najnowsze zmiany w \u015bwiadczeniach wychowawczych, \u015bwiadczeniach rodzinnych i funduszu alimentacyjnym<\/strong><\/a><strong><\/strong><\/li><li><a href=\"http:\/\/www.mpips.gov.pl\/wsparcie-dla-rodzin-z-dziecmi\/opieka-zastepcza-nad-dzieckiem\/\"><strong>Opieka zast\u0119pcza nad dzieckiem<\/strong><\/a><strong><\/strong><\/li><li><a href=\"http:\/\/www.mpips.gov.pl\/wsparcie-dla-rodzin-z-dziecmi\/adopcja\/\"><strong>Adopcja<\/strong><\/a><strong><\/strong><\/li><li><a href=\"http:\/\/www.mpips.gov.pl\/wsparcie-dla-rodzin-z-dziecmi\/opieka-nad-dzieckiem-w-wieku-do-lat-trzech\/\"><strong>Opieka nad dzieckiem w wieku do lat trzech<\/strong><\/a><strong><\/strong><\/li><li><a href=\"http:\/\/www.mpips.gov.pl\/wsparcie-dla-rodzin-z-dziecmi\/kontakt-do-departamentu-polityki-rodzinnej\/\"><strong>Kontakt do Departamentu Polityki Rodzinnej<\/strong><\/a><strong><\/strong><\/li><\/ul>\n","protected":false},"excerpt":{"rendered":"<p>Program &#8222;Za \u017cyciem&#8221; Wzory wniosk\u00f3w o \u015bwiadczenia dla rodzin Rodzina 500 plus Karta Du\u017cej Rodziny \u015awiadczenia rodzinne Fundusz Alimentacyjny Najnowsze zmiany w \u015bwiadczeniach wychowawczych, \u015bwiadczeniach rodzinnych i funduszu alimentacyjnym Opieka zast\u0119pcza nad dzieckiem Adopcja Opieka nad dzieckiem w wieku do lat trzech Kontakt do Departamentu Polityki Rodzinnej<\/p>\n","protected":false},"author":1,"featured_media":0,"parent":0,"menu_order":0,"comment_status":"closed","ping_status":"closed","template":"","meta":{"footnotes":""},"class_list":["post-51","page","type-page","status-publish","hentry"],"_links":{"self":[{"href":"https:\/\/opskonopnica.pl\/index.php\/wp-json\/wp\/v2\/pages\/51","targetHints":{"allow":["GET"]}}],"collection":[{"href":"https:\/\/opskonopnica.pl\/index.php\/wp-json\/wp\/v2\/pages"}],"about":[{"href":"https:\/\/opskonopnica.pl\/index.php\/wp-json\/wp\/v2\/types\/page"}],"author":[{"embeddable":true,"href":"https:\/\/opskonopnica.pl\/index.php\/wp-json\/wp\/v2\/users\/1"}],"replies":[{"embeddable":true,"href":"https:\/\/opskonopnica.pl\/index.php\/wp-json\/wp\/v2\/comments?post=51"}],"version-history":[{"count":1,"href":"https:\/\/opskonopnica.pl\/index.php\/wp-json\/wp\/v2\/pages\/51\/revisions"}],"predecessor-version":[{"id":52,"href":"https:\/\/opskonopnica.pl\/index.php\/wp-json\/wp\/v2\/pages\/51\/revisions\/52"}],"wp:attachment":[{"href":"https:\/\/opskonopnica.pl\/index.php\/wp-json\/wp\/v2\/media?parent=51"}],"curies":[{"name":"wp","href":"https:\/\/api.w.org\/{rel}","templated":true}]}}