{"id":8,"date":"2020-09-25T07:46:34","date_gmt":"2020-09-25T05:46:34","guid":{"rendered":"http:\/\/opskonopnica.pl\/?page_id=8"},"modified":"2025-11-26T16:16:29","modified_gmt":"2025-11-26T15:16:29","slug":"kontakt","status":"publish","type":"page","link":"https:\/\/opskonopnica.pl\/index.php\/kontakt\/","title":{"rendered":"Kontakt"},"content":{"rendered":"\n<p class=\"has-text-align-center\"><strong>O\u015brodek Pomocy Spo\u0142ecznej w Konopnicy, Kozubszczyzna 127b, <\/strong><br><strong>21-030 Motycz, sekretariat@opskonopnica.pl, tel. 81 503-22-35<\/strong><\/p>\n\n\n\n<p class=\"has-text-align-center\">NIP: 7132362413<\/p>\n\n\n\n<p class=\"has-text-align-center\">EPUAP: \/OPSKONOPNICA\/SkrytkaESP<br><br><strong>Adres do e-Dor\u0119cze\u0144:<\/strong> AE:PL-38772-59217-TBWEB-30<br><br>Informujemy, ze na podstawie art. 147 ustawy o e-dor\u0119czeniach do dnia 31 grudnia 2025 r. przepis\u00f3w art. 4 dor\u0119czanie przez podmiot publiczny korespondencji wymagaj\u0105cej potwierdzenia jej nadania lub odbioru i art. 5 przes\u0142anki dor\u0119czania korespondencji z wykorzystaniem publicznej us\u0142ugi hybrydowej nie stosuje si\u0119 w przypadku gdy korespondencja nie mo\u017ce by\u0107 dor\u0119czona na adres do dor\u0119cze\u0144 elektronicznych albo z wykorzystaniem publicznej us\u0142ugi hybrydowej ze wzgl\u0119du na przes\u0142anki organizacyjne. Istnienie przes\u0142anek organizacyjnych ocenia nadawca.<\/p>\n\n\n\n<p><strong>Godziny<\/strong><br>Poniedzia\u0142ek: 7:30 \u2013 15:30<br>Wtorek: 7:30 \u2013 17:00<br>\u015aroda: 7:30 \u2013 15:30<br>Czwartek: 8:00 \u2013 15:30<br>Pi\u0105tek: 8:00 \u2013 15:00<\/p>\n\n\n\n<h4 class=\"wp-block-heading has-text-align-center\">Jeste\u015b osob\u0105 g\u0142uchoniem\u0105?<br>Kliknij poni\u017cej i po\u0142\u0105cz si\u0119 online z t\u0142umaczem, kt\u00f3ry pomo\u017ce Ci w za\u0142atwieniu sprawy.<\/h4>\n\n\n<div class=\"wp-block-image\">\n<figure class=\"aligncenter size-large\"><a href=\"https:\/\/tlumacz.migam.org\/ops-konopnica\"><img loading=\"lazy\" decoding=\"async\" width=\"180\" height=\"154\" src=\"http:\/\/opskonopnica.pl\/wp-content\/uploads\/2021\/08\/tlumacz-migam.png\" alt=\"\" class=\"wp-image-271\"\/><\/a><\/figure><\/div>\n\n\n<iframe src=\"https:\/\/www.google.com\/maps\/embed?pb=!1m18!1m12!1m3!1d2498.74281402157!2d22.425484615726493!3d51.22381327958947!2m3!1f0!2f0!3f0!3m2!1i1024!2i768!4f13.1!3m3!1m2!1s0x47225897ce276e1d%3A0x1e56e4ad82a02a01!2sO%C5%9Brodek%20Pomocy%20Spo%C5%82ecznej%20w%20Konopnicy!5e0!3m2!1spl!2spl!4v1630394266710!5m2!1spl!2spl\" style=\"border:0;\" allowfullscreen=\"\" loading=\"lazy\" width=\"400\" height=\"250\"><\/iframe>\n","protected":false},"excerpt":{"rendered":"<p>O\u015brodek Pomocy Spo\u0142ecznej w Konopnicy, Kozubszczyzna 127b, 21-030 Motycz, sekretariat@opskonopnica.pl, tel. 81 503-22-35 NIP: 7132362413 EPUAP: \/OPSKONOPNICA\/SkrytkaESP Adres do e-Dor\u0119cze\u0144: AE:PL-38772-59217-TBWEB-30 Informujemy, ze na podstawie art. 147 ustawy o e-dor\u0119czeniach do dnia 31 grudnia 2025 r. przepis\u00f3w art. 4 dor\u0119czanie przez podmiot publiczny korespondencji wymagaj\u0105cej potwierdzenia jej nadania lub odbioru i art. 5 przes\u0142anki dor\u0119czania &hellip; <\/p>\n<p class=\"link-more\"><a href=\"https:\/\/opskonopnica.pl\/index.php\/kontakt\/\" class=\"more-link\">Czytaj dalej<span class=\"screen-reader-text\"> \u201eKontakt\u201d<\/span><\/a><\/p>\n","protected":false},"author":1,"featured_media":0,"parent":0,"menu_order":0,"comment_status":"closed","ping_status":"closed","template":"","meta":{"footnotes":""},"class_list":["post-8","page","type-page","status-publish","hentry"],"_links":{"self":[{"href":"https:\/\/opskonopnica.pl\/index.php\/wp-json\/wp\/v2\/pages\/8","targetHints":{"allow":["GET"]}}],"collection":[{"href":"https:\/\/opskonopnica.pl\/index.php\/wp-json\/wp\/v2\/pages"}],"about":[{"href":"https:\/\/opskonopnica.pl\/index.php\/wp-json\/wp\/v2\/types\/page"}],"author":[{"embeddable":true,"href":"https:\/\/opskonopnica.pl\/index.php\/wp-json\/wp\/v2\/users\/1"}],"replies":[{"embeddable":true,"href":"https:\/\/opskonopnica.pl\/index.php\/wp-json\/wp\/v2\/comments?post=8"}],"version-history":[{"count":17,"href":"https:\/\/opskonopnica.pl\/index.php\/wp-json\/wp\/v2\/pages\/8\/revisions"}],"predecessor-version":[{"id":811,"href":"https:\/\/opskonopnica.pl\/index.php\/wp-json\/wp\/v2\/pages\/8\/revisions\/811"}],"wp:attachment":[{"href":"https:\/\/opskonopnica.pl\/index.php\/wp-json\/wp\/v2\/media?parent=8"}],"curies":[{"name":"wp","href":"https:\/\/api.w.org\/{rel}","templated":true}]}}